{"id":995,"date":"2021-02-15T07:59:47","date_gmt":"2021-02-15T06:59:47","guid":{"rendered":"https:\/\/angela-pobierowo.pl\/?page_id=995"},"modified":"2023-01-13T13:36:32","modified_gmt":"2023-01-13T12:36:32","slug":"podzial","status":"publish","type":"page","link":"https:\/\/angela-pobierowo.pl\/de\/","title":{"rendered":"Pensjonat Pobierowo, domki letniskowe nad morzem, apartamenty, wolne pokoje, dom go\u015bcinny"},"content":{"rendered":"<section id=\"section-3-995\" class=\"ct-section\" ><div class=\"ct-section-inner-wrap\"><div id=\"div_block-112-995\" class=\"ct-div-block left-choice\" ><a id=\"link-134-995\" class=\"ct-link\" href=\"https:\/\/angela-pobierowo.pl\/de\/domki\/o-nas\/\"   ><img decoding=\"async\"  id=\"image-56-995\" alt=\"\" src=\"https:\/\/angela-pobierowo.pl\/wp-content\/uploads\/2021\/02\/Studio-suite-salon-1619x1080-1.jpg\" class=\"ct-image cover-image choice-img\"\/><\/a><div id=\"div_block-57-995\" class=\"ct-div-block\" ><img decoding=\"async\"  id=\"image-58-995\" alt=\"\" src=\"https:\/\/angela-pobierowo.pl\/wp-content\/uploads\/2021\/03\/pokojeMin.png\" class=\"ct-image pointer-none\"\/><h1 id=\"headline-59-995\" class=\"ct-headline\">Domki i Pokoje<\/h1><div id=\"text_block-60-995\" class=\"ct-text-block\" >Przytulne pokoje i domki letniskowe blisko morza, zapraszamy!<\/div><div id=\"div_block-136-995\" class=\"ct-div-block\" ><div id=\"fancy_icon-149-995\" class=\"ct-fancy-icon\" ><svg id=\"svg-fancy_icon-149-995\"><use xlink:href=\"#FontAwesomeicon-globe\"><\/use><\/svg><\/div><div id=\"text_block-141-995\" class=\"ct-text-block\" ><div style=\"text-align: center;\">ul. <span id=\"span-167-995\" class=\"ct-span\" ><\/span><br><\/div><\/div><div id=\"text_block-170-995\" class=\"ct-text-block\" ><span id=\"span-171-995\" class=\"ct-span\" ><\/span><\/div><\/div><a id=\"link_button-61-995\" class=\"ct-link-button choice-btn min-btn_outline\" href=\"https:\/\/angela-pobierowo.pl\/de\/domki\/o-nas\/\"   >Zobacz<\/a><\/div><\/div><div id=\"div_block-116-995\" class=\"ct-div-block right-choice\" ><a id=\"link-135-995\" class=\"ct-link\" href=\"https:\/\/angela-pobierowo.pl\/de\/apartamenty\/o-nas\/\"   ><img decoding=\"async\"  id=\"image-49-995\" alt=\"\" src=\"https:\/\/angela-pobierowo.pl\/wp-content\/uploads\/2021\/02\/132_apartamenty-angela-2015_fot-t-stolz-1620x1080-1.jpg\" class=\"ct-image cover-image choice-img\"\/><\/a><div id=\"div_block-50-995\" class=\"ct-div-block\" ><img decoding=\"async\"  id=\"image-51-995\" alt=\"\" src=\"https:\/\/angela-pobierowo.pl\/wp-content\/uploads\/2021\/03\/apartamentyMin.png\" class=\"ct-image pointer-none\"\/><h2 id=\"headline-52-995\" class=\"ct-headline\">Apartamenty<\/h2><div id=\"text_block-159-995\" class=\"ct-text-block\" >Komfortowe apartamenty dla ca\u0142ej rodziny \u2013 zapraszamy ca\u0142y rok!<\/div><div id=\"div_block-151-995\" class=\"ct-div-block\" ><div id=\"fancy_icon-152-995\" class=\"ct-fancy-icon\" ><svg id=\"svg-fancy_icon-152-995\"><use xlink:href=\"#FontAwesomeicon-globe\"><\/use><\/svg><\/div><div id=\"text_block-175-995\" class=\"ct-text-block\" ><span id=\"span-176-995\" class=\"ct-span\" ><\/span><\/div><div id=\"text_block-178-995\" class=\"ct-text-block\" ><span id=\"span-180-995\" class=\"ct-span\" ><\/span><\/div><\/div><a id=\"link_button-54-995\" class=\"ct-link-button min-btn_outline choice-btn\" href=\"https:\/\/angela-pobierowo.pl\/de\/apartamenty\/o-nas\/\"   >Zobacz<\/a><\/div><\/div><div id=\"code_block-13-995\" class=\"ct-code-block\" ><svg class=\"svg\">\n  <clippath id=\"wave-border\" clippathunits=\"objectBoundingBox\">\n    <path d=\"M0,0 H0.952 C0.952,0,0.905,0.121,0.905,0.25 C0.905,0.379,0.952,0.5,0.952,0.5 C0.952,0.5,1,0.621,1,0.75 C1,0.879,0.952,1,0.952,1 H0.423 H0 V0\"><\/path>\n  <\/clippath>\n<\/svg>\n<\/div><\/div><\/section>","protected":false},"excerpt":{"rendered":"","protected":false},"author":1,"featured_media":0,"parent":0,"menu_order":0,"comment_status":"closed","ping_status":"closed","template":"","meta":{"_acf_changed":false,"footnotes":""},"class_list":["post-995","page","type-page","status-publish","hentry"],"acf":[],"yoast_head":"<!-- This site is optimized with the Yoast SEO plugin v23.3 - https:\/\/yoast.com\/wordpress\/plugins\/seo\/ -->\n<title>Pensjonat Pobierowo, domki letniskowe nad morzem, apartamenty, wolne pokoje, dom go\u015bcinny - Angela Pobierowo<\/title>\n<meta name=\"description\" content=\"Pokoje w pensjonacie? Domki letniskowe nad morzem? Komfortowe noclegi w apartamentach? Dom go\u015bcinny Angela w Pobierowie zapewnia rozbudowan\u0105 ofert\u0119 noclegow\u0105.\" \/>\n<meta name=\"robots\" content=\"index, follow, max-snippet:-1, max-image-preview:large, max-video-preview:-1\" \/>\n<link rel=\"canonical\" href=\"https:\/\/angela-pobierowo.pl\/de\/\" \/>\n<meta property=\"og:locale\" content=\"de_DE\" \/>\n<meta property=\"og:type\" content=\"article\" \/>\n<meta property=\"og:title\" content=\"Pensjonat Pobierowo, domki letniskowe nad morzem, apartamenty, wolne pokoje, dom go\u015bcinny - Angela Pobierowo\" \/>\n<meta property=\"og:description\" content=\"Pokoje w pensjonacie? Domki letniskowe nad morzem? Komfortowe noclegi w apartamentach? Dom go\u015bcinny Angela w Pobierowie zapewnia rozbudowan\u0105 ofert\u0119 noclegow\u0105.\" \/>\n<meta property=\"og:url\" content=\"https:\/\/angela-pobierowo.pl\/de\/\" \/>\n<meta property=\"og:site_name\" content=\"Angela Pobierowo\" \/>\n<meta property=\"article:modified_time\" content=\"2023-01-13T12:36:32+00:00\" \/>\n<meta name=\"twitter:card\" content=\"summary_large_image\" \/>\n<script type=\"application\/ld+json\" class=\"yoast-schema-graph\">{\"@context\":\"https:\/\/schema.org\",\"@graph\":[{\"@type\":\"WebPage\",\"@id\":\"https:\/\/angela-pobierowo.pl\/\",\"url\":\"https:\/\/angela-pobierowo.pl\/\",\"name\":\"Pensjonat Pobierowo, domki letniskowe nad morzem, apartamenty, wolne pokoje, dom go\u015bcinny - Angela Pobierowo\",\"isPartOf\":{\"@id\":\"https:\/\/angela-pobierowo.pl\/#website\"},\"datePublished\":\"2021-02-15T06:59:47+00:00\",\"dateModified\":\"2023-01-13T12:36:32+00:00\",\"description\":\"Pokoje w pensjonacie? Domki letniskowe nad morzem? Komfortowe noclegi w apartamentach? Dom go\u015bcinny Angela w Pobierowie zapewnia rozbudowan\u0105 ofert\u0119 noclegow\u0105.\",\"breadcrumb\":{\"@id\":\"https:\/\/angela-pobierowo.pl\/#breadcrumb\"},\"inLanguage\":\"de\",\"potentialAction\":[{\"@type\":\"ReadAction\",\"target\":[\"https:\/\/angela-pobierowo.pl\/\"]}]},{\"@type\":\"BreadcrumbList\",\"@id\":\"https:\/\/angela-pobierowo.pl\/#breadcrumb\",\"itemListElement\":[{\"@type\":\"ListItem\",\"position\":1,\"name\":\"Strona g\u0142\u00f3wna\",\"item\":\"https:\/\/angela-pobierowo.pl\/\"},{\"@type\":\"ListItem\",\"position\":2,\"name\":\"Pensjonat Pobierowo, domki letniskowe nad morzem, apartamenty, wolne pokoje, dom go\u015bcinny\"}]},{\"@type\":\"WebSite\",\"@id\":\"https:\/\/angela-pobierowo.pl\/#website\",\"url\":\"https:\/\/angela-pobierowo.pl\/\",\"name\":\"Angela Pobierowo\",\"description\":\"Pensjonat Pobierowo, domki letniskowe nad morzem, apartamenty, wolne pokoje, dom go\u015bcinny\",\"potentialAction\":[{\"@type\":\"SearchAction\",\"target\":{\"@type\":\"EntryPoint\",\"urlTemplate\":\"https:\/\/angela-pobierowo.pl\/?s={search_term_string}\"},\"query-input\":\"required name=search_term_string\"}],\"inLanguage\":\"de\"}]}<\/script>\n<!-- \/ Yoast SEO plugin. -->","yoast_head_json":{"title":"Pensjonat Pobierowo, domki letniskowe nad morzem, apartamenty, wolne pokoje, dom go\u015bcinny - Angela Pobierowo","description":"Pokoje w pensjonacie? Domki letniskowe nad morzem? Komfortowe noclegi w apartamentach? Dom go\u015bcinny Angela w Pobierowie zapewnia rozbudowan\u0105 ofert\u0119 noclegow\u0105.","robots":{"index":"index","follow":"follow","max-snippet":"max-snippet:-1","max-image-preview":"max-image-preview:large","max-video-preview":"max-video-preview:-1"},"canonical":"https:\/\/angela-pobierowo.pl\/de\/","og_locale":"de_DE","og_type":"article","og_title":"Pensjonat Pobierowo, domki letniskowe nad morzem, apartamenty, wolne pokoje, dom go\u015bcinny - Angela Pobierowo","og_description":"Pokoje w pensjonacie? Domki letniskowe nad morzem? Komfortowe noclegi w apartamentach? Dom go\u015bcinny Angela w Pobierowie zapewnia rozbudowan\u0105 ofert\u0119 noclegow\u0105.","og_url":"https:\/\/angela-pobierowo.pl\/de\/","og_site_name":"Angela Pobierowo","article_modified_time":"2023-01-13T12:36:32+00:00","twitter_card":"summary_large_image","schema":{"@context":"https:\/\/schema.org","@graph":[{"@type":"WebPage","@id":"https:\/\/angela-pobierowo.pl\/","url":"https:\/\/angela-pobierowo.pl\/","name":"Pensjonat Pobierowo, domki letniskowe nad morzem, apartamenty, wolne pokoje, dom go\u015bcinny - Angela Pobierowo","isPartOf":{"@id":"https:\/\/angela-pobierowo.pl\/#website"},"datePublished":"2021-02-15T06:59:47+00:00","dateModified":"2023-01-13T12:36:32+00:00","description":"Pokoje w pensjonacie? Domki letniskowe nad morzem? Komfortowe noclegi w apartamentach? Dom go\u015bcinny Angela w Pobierowie zapewnia rozbudowan\u0105 ofert\u0119 noclegow\u0105.","breadcrumb":{"@id":"https:\/\/angela-pobierowo.pl\/#breadcrumb"},"inLanguage":"de","potentialAction":[{"@type":"ReadAction","target":["https:\/\/angela-pobierowo.pl\/"]}]},{"@type":"BreadcrumbList","@id":"https:\/\/angela-pobierowo.pl\/#breadcrumb","itemListElement":[{"@type":"ListItem","position":1,"name":"Strona g\u0142\u00f3wna","item":"https:\/\/angela-pobierowo.pl\/"},{"@type":"ListItem","position":2,"name":"Pensjonat Pobierowo, domki letniskowe nad morzem, apartamenty, wolne pokoje, dom go\u015bcinny"}]},{"@type":"WebSite","@id":"https:\/\/angela-pobierowo.pl\/#website","url":"https:\/\/angela-pobierowo.pl\/","name":"Angela Pobierowo","description":"Pensjonat Pobierowo, domki letniskowe nad morzem, apartamenty, wolne pokoje, dom go\u015bcinny","potentialAction":[{"@type":"SearchAction","target":{"@type":"EntryPoint","urlTemplate":"https:\/\/angela-pobierowo.pl\/?s={search_term_string}"},"query-input":"required name=search_term_string"}],"inLanguage":"de"}]}},"_links":{"self":[{"href":"https:\/\/angela-pobierowo.pl\/de\/wp-json\/wp\/v2\/pages\/995"}],"collection":[{"href":"https:\/\/angela-pobierowo.pl\/de\/wp-json\/wp\/v2\/pages"}],"about":[{"href":"https:\/\/angela-pobierowo.pl\/de\/wp-json\/wp\/v2\/types\/page"}],"author":[{"embeddable":true,"href":"https:\/\/angela-pobierowo.pl\/de\/wp-json\/wp\/v2\/users\/1"}],"replies":[{"embeddable":true,"href":"https:\/\/angela-pobierowo.pl\/de\/wp-json\/wp\/v2\/comments?post=995"}],"version-history":[{"count":10,"href":"https:\/\/angela-pobierowo.pl\/de\/wp-json\/wp\/v2\/pages\/995\/revisions"}],"predecessor-version":[{"id":1761,"href":"https:\/\/angela-pobierowo.pl\/de\/wp-json\/wp\/v2\/pages\/995\/revisions\/1761"}],"wp:attachment":[{"href":"https:\/\/angela-pobierowo.pl\/de\/wp-json\/wp\/v2\/media?parent=995"}],"curies":[{"name":"wp","href":"https:\/\/api.w.org\/{rel}","templated":true}]}}